{"id":1038,"date":"2023-05-02T09:59:11","date_gmt":"2023-05-02T09:59:11","guid":{"rendered":"https:\/\/workheart.nl\/?page_id=1038"},"modified":"2025-10-28T14:44:29","modified_gmt":"2025-10-28T14:44:29","slug":"columns-2","status":"publish","type":"page","link":"https:\/\/workheart.nl\/en\/columns-2\/","title":{"rendered":"Loos Alarm Ben jij het, ik?"},"content":{"rendered":"<p>[et_pb_section fb_built=&#8221;1&#8243; _builder_version=&#8221;4.20.2&#8243; _module_preset=&#8221;default&#8221; use_background_color_gradient=&#8221;on&#8221; background_color_gradient_stops=&#8221;rgba(224,179,184,0.92) 0%|#e0a8b7 100%&#8221; global_colors_info=&#8221;{}&#8221;][et_pb_row _builder_version=&#8221;4.20.2&#8243; _module_preset=&#8221;default&#8221; custom_margin=&#8221;-67px||||false|false&#8221; global_colors_info=&#8221;{}&#8221;][et_pb_column type=&#8221;4_4&#8243; _builder_version=&#8221;4.20.2&#8243; _module_preset=&#8221;default&#8221; global_colors_info=&#8221;{}&#8221;][et_pb_text _builder_version=&#8221;4.20.2&#8243; _module_preset=&#8221;default&#8221; text_text_color=&#8221;#8300E9&#8243; text_font_size=&#8221;10px&#8221; link_option_url=&#8221;https:\/\/workheart.nl\/overzicht-columns\/?et_fb=1&#038;PageSpeed=off&#8221; hover_enabled=&#8221;0&#8243; global_colors_info=&#8221;{}&#8221; sticky_enabled=&#8221;0&#8243;]<\/p>\n<p><em>Previous page<\/em> \u21b5<\/p>\n<p>[\/et_pb_text][\/et_pb_column][\/et_pb_row][et_pb_row _builder_version=&#8221;4.20.2&#8243; _module_preset=&#8221;default&#8221; custom_margin=&#8221;-46px||||false|false&#8221; global_colors_info=&#8221;{}&#8221;][et_pb_column type=&#8221;4_4&#8243; _builder_version=&#8221;4.20.2&#8243; _module_preset=&#8221;default&#8221; global_colors_info=&#8221;{}&#8221;][et_pb_text _builder_version=&#8221;4.20.2&#8243; _module_preset=&#8221;default&#8221; text_text_color=&#8221;#0047e0&#8243; text_font_size=&#8221;12px&#8221; global_colors_info=&#8221;{}&#8221;]<\/p>\n<p>Dit is de laatste column die is overgenomen uit de vorige website. De komende tijd worden de voorgaande ook geplaatst. Natuurlijk krijgen nieuwe columns de eerste plek.<\/p>\n<p>[\/et_pb_text][\/et_pb_column][\/et_pb_row][et_pb_row _builder_version=&#8221;4.20.2&#8243; _module_preset=&#8221;default&#8221; global_colors_info=&#8221;{}&#8221;][et_pb_column type=&#8221;4_4&#8243; _builder_version=&#8221;4.20.2&#8243; _module_preset=&#8221;default&#8221; global_colors_info=&#8221;{}&#8221;][et_pb_text _builder_version=&#8221;4.20.2&#8243; _module_preset=&#8221;default&#8221; text_text_color=&#8221;#0047e0&#8243; text_font_size=&#8221;24px&#8221; global_colors_info=&#8221;{}&#8221;]<\/p>\n<p>\u00a0\u00a0\u00a0\u00a0\u00a0\u00a0\u00a0\u00a0\u00a0\u00a0\u00a0\u00a0\u00a0\u00a0\u00a0\u00a0\u00a0\u00a0\u00a0\u00a0\u00a0\u00a0 Ben jij het, ik?<\/p>\n<p>[\/et_pb_text][\/et_pb_column][\/et_pb_row][et_pb_row _builder_version=&#8221;4.20.2&#8243; _module_preset=&#8221;default&#8221; custom_margin=&#8221;-36px||||false|false&#8221; global_colors_info=&#8221;{}&#8221;][et_pb_column type=&#8221;4_4&#8243; _builder_version=&#8221;4.20.2&#8243; _module_preset=&#8221;default&#8221; global_colors_info=&#8221;{}&#8221;][et_pb_image src=&#8221;https:\/\/workheart.nl\/wp-content\/uploads\/2023\/05\/Blogbanner-_76.jpg&#8221; title_text=&#8221;Blogbanner _76&#8243; align=&#8221;center&#8221; _builder_version=&#8221;4.20.2&#8243; _module_preset=&#8221;default&#8221; global_colors_info=&#8221;{}&#8221;][\/et_pb_image][\/et_pb_column][\/et_pb_row][et_pb_row _builder_version=&#8221;4.20.2&#8243; _module_preset=&#8221;default&#8221; global_colors_info=&#8221;{}&#8221;][et_pb_column type=&#8221;4_4&#8243; _builder_version=&#8221;4.20.2&#8243; _module_preset=&#8221;default&#8221; global_colors_info=&#8221;{}&#8221;][et_pb_text _builder_version=&#8221;4.20.2&#8243; _module_preset=&#8221;default&#8221; text_text_color=&#8221;#0047e0&#8243; text_font_size=&#8221;12px&#8221; text_line_height=&#8221;1.5em&#8221; global_colors_info=&#8221;{}&#8221;]<\/p>\n<p style=\"text-align: center;\">\u201cKom nou maar\u201d, had hij gezegd: \u201cWe zien wel wat er gebeurt\u201d. En zo was het gegaan .. vanzelf, volkomen vrijwillig, onvoorwaardelijk eigenlijk.<br \/>Het had zich voorgedaan, spontaan, alsof het te gebeuren stond.<br \/>Waarom? Daarom!<br \/>Even was er niks en toen kantelde er iets, heel definitief<\/p>\n<p style=\"text-align: center;\">\u201cKom nou maar\u201d, had zij gezegd: \u201cWe zien wel wat er gebeurt\u201d. En zo was het gegaan .. vanzelf, volkomen vrijwillig, onvoorwaardelijk eigenlijk.<br \/>Het had zich voorgedaan, spontaan, alsof het te gebeuren stond.<br \/>Waarom? Daarom!<br \/>Even was er niks en toen kantelde er iets, heel definitief ..<\/p>\n<p>[\/et_pb_text][\/et_pb_column][\/et_pb_row][et_pb_row _builder_version=&#8221;4.20.2&#8243; _module_preset=&#8221;default&#8221; global_colors_info=&#8221;{}&#8221;][et_pb_column type=&#8221;4_4&#8243; _builder_version=&#8221;4.20.2&#8243; _module_preset=&#8221;default&#8221; global_colors_info=&#8221;{}&#8221;][et_pb_text _builder_version=&#8221;4.20.2&#8243; _module_preset=&#8221;default&#8221; text_text_color=&#8221;#0047e0&#8243; text_font_size=&#8221;12px&#8221; text_line_height=&#8221;1.5em&#8221; custom_margin=&#8221;-40px||||false|false&#8221; global_colors_info=&#8221;{}&#8221;]<\/p>\n<p>Wat gebeurt jou, als je dit leest?<br \/>En nu met deze vraag?<br \/>Mag ik raden?<\/p>\n<p>[\/et_pb_text][\/et_pb_column][\/et_pb_row][et_pb_row column_structure=&#8221;1_2,1_2&#8243; _builder_version=&#8221;4.20.2&#8243; _module_preset=&#8221;default&#8221; custom_margin=&#8221;-32px||||false|false&#8221; global_colors_info=&#8221;{}&#8221;][et_pb_column type=&#8221;1_2&#8243; _builder_version=&#8221;4.20.2&#8243; _module_preset=&#8221;default&#8221; global_colors_info=&#8221;{}&#8221;][et_pb_text _builder_version=&#8221;4.20.2&#8243; _module_preset=&#8221;default&#8221; text_text_color=&#8221;#0047e0&#8243; text_font_size=&#8221;12px&#8221; text_line_height=&#8221;1.6em&#8221; global_colors_info=&#8221;{}&#8221;]<\/p>\n<p>Even had het verhaaltje je aandacht, toen de zinnen zich herhaalden, wilde je nog wel even meegaan in \u2019t verschil .. maar met die vragen ben je er echt en onmiddellijk uit. Ze hebben je buitenstaander gemaakt, net als voor je begon, maar toch even anders. Bewuster?<br \/>Wil je eigenlijk nog wel door met lezen?<br \/>Het wordt wel echt een keuze nu..<\/p>\n<p>[\/et_pb_text][\/et_pb_column][et_pb_column type=&#8221;1_2&#8243; _builder_version=&#8221;4.20.2&#8243; _module_preset=&#8221;default&#8221; global_colors_info=&#8221;{}&#8221;][et_pb_text _builder_version=&#8221;4.20.2&#8243; _module_preset=&#8221;default&#8221; text_text_color=&#8221;#0047e0&#8243; text_font_size=&#8221;12px&#8221; text_line_height=&#8221;1.5em&#8221; global_colors_info=&#8221;{}&#8221;]<\/p>\n<p>Waar ga je eigenlijk op in? Dat ergens inkomen, van buiten naar binnen gaan, er zit iets van spanning in. Een aarzeling in het afstemmen. In afwegen en overwegen of je ertoe aangetrokken voelt.<br \/>Het moet niet ongemakkelijk worden, de invloedssfeer ontspannen houden, vrijblijvend, vrijwillig. Je was je daar minder mee bezig. Nu wel en .. weer definitief. Het voelt als je laten overhalen, je eigen wil volgen in de rek naar iets buiten jezelf.<\/p>\n<p>[\/et_pb_text][\/et_pb_column][\/et_pb_row][et_pb_row _builder_version=&#8221;4.20.2&#8243; _module_preset=&#8221;default&#8221; global_colors_info=&#8221;{}&#8221;][et_pb_column type=&#8221;4_4&#8243; _builder_version=&#8221;4.20.2&#8243; _module_preset=&#8221;default&#8221; global_colors_info=&#8221;{}&#8221;][et_pb_text _builder_version=&#8221;4.20.2&#8243; _module_preset=&#8221;default&#8221; text_text_color=&#8221;#0047e0&#8243; text_font_size=&#8221;12px&#8221; text_line_height=&#8221;1.5em&#8221; global_colors_info=&#8221;{}&#8221;]<\/p>\n<p style=\"text-align: center;\">\u201cKom nou\u201d, riepen ze. En je dacht verder niet na: \u201cWe zien wel wat er gebeurt\u201d.<br \/>Waarom? Daarom!<br \/>Zo ging het meestal .. vanzelf, volkomen vrijwillig, onvoorwaardelijk eigenlijk.<br \/>Het deed zich voor, spontaan, alsof het te gebeuren stond. Iets dat in zwang was.<\/p>\n<p style=\"text-align: center;\">Even was er niks en toen .. er kantelde iets, heel definitief ..<\/p>\n<p>[\/et_pb_text][\/et_pb_column][\/et_pb_row][et_pb_row column_structure=&#8221;1_4,1_4,1_4,1_4&#8243; _builder_version=&#8221;4.20.2&#8243; _module_preset=&#8221;default&#8221; global_colors_info=&#8221;{}&#8221;][et_pb_column type=&#8221;1_4&#8243; _builder_version=&#8221;4.20.2&#8243; _module_preset=&#8221;default&#8221; global_colors_info=&#8221;{}&#8221;][et_pb_text _builder_version=&#8221;4.20.2&#8243; _module_preset=&#8221;default&#8221; text_text_color=&#8221;#0047e0&#8243; text_font_size=&#8221;12px&#8221; text_line_height=&#8221;1.5em&#8221; global_colors_info=&#8221;{}&#8221;]<\/p>\n<p>Ik weet nog, derde klas middelbare school. De leraar Duits leest elke les een hoofdstuk uit \u2018Kai aus der Kiste\u2019 * voor. Een fantastisch verhaal waar we ademloos naar luisterden.<br \/>Voordat hij vervolgens het boek met een klap dichtsloeg voor de rest van het uur, keek hij ieder van ons heel even, maar indringend persoonlijk aan en besloot dan met de zin: \u201cDenk erom.. straks staat de klok stil.. \u201c. Met de zindering in die laatste woorden, werd de stemming er nog ademlozer op .. Daarna werd het \u2018Schwere W\u00f6rter\u2019 leren en vervoegingen stampen. Stomme les verder dus.<\/p>\n<p>[\/et_pb_text][\/et_pb_column][et_pb_column type=&#8221;1_4&#8243; _builder_version=&#8221;4.20.2&#8243; _module_preset=&#8221;default&#8221; global_colors_info=&#8221;{}&#8221;][et_pb_text _builder_version=&#8221;4.20.2&#8243; _module_preset=&#8221;default&#8221; text_text_color=&#8221;#0047e0&#8243; text_font_size=&#8221;12px&#8221; text_line_height=&#8221;1.5em&#8221; global_colors_info=&#8221;{}&#8221;]<\/p>\n<p>Ik weet dat elk kind een dichter is. Elk spelend kind neemt het eigen spel buitengewoon serieus. Het gaat in op wat er op \u2018m af komt. Het gaat op in wat er in \u2018m opkomt. Je voelt de oprechte en daadwerkelijke kracht ervan, de zuivere samenhang erin. Ervaart een kind die zuiverheid niet, dan is het \u201cniet eerlijk!\u201c<br \/>Of ze gieren \u2018t uit van de pret. Gevoelservaringen die ze weten uit te wisselen met \u2018erewoord waar!\u2019 Echt wel!<\/p>\n<p>[\/et_pb_text][\/et_pb_column][et_pb_column type=&#8221;1_4&#8243; _builder_version=&#8221;4.20.2&#8243; _module_preset=&#8221;default&#8221; global_colors_info=&#8221;{}&#8221;][et_pb_text _builder_version=&#8221;4.20.2&#8243; _module_preset=&#8221;default&#8221; text_text_color=&#8221;#0047e0&#8243; text_font_size=&#8221;12px&#8221; text_line_height=&#8221;1.5em&#8221; global_colors_info=&#8221;{}&#8221;]<\/p>\n<p>Wie identificeert zich met wie in zulk samenspel? Onze kinderen spelen nog. Als ik ernaar kijk, stem ik als vanzelfsprekend mijn houding erop af. Hoeveel ouder ook, groter ben ik zeker niet. Ik geniet ondubbelzinnig van hun fantasie\u00ebn, de onwillekeurige spontaniteit erin. Het lijkt of ik er onmiddellijk aan moet gehoorzamen. Het brengt een impuls, een fysieke herinnering op gang. Een drang die voortvloeit uit een onderbewuste bron die in me huist. Alle formaliteit valt weg. Ik neem ze bloedserieus, tegelijkertijd maakt een accute speelsheid zich van mij meester.<br \/>Een onvoorwaardelijke houding in die verhouding. In het Engels zeggen ze dat mooi: \u2018it does n\u2019t play act.\u2019 Ik verlies me erin. En als ik dat niet doe, een spelletje speel, voel ik me beschaamd.<\/p>\n<p>[\/et_pb_text][\/et_pb_column][et_pb_column type=&#8221;1_4&#8243; _builder_version=&#8221;4.20.2&#8243; _module_preset=&#8221;default&#8221; global_colors_info=&#8221;{}&#8221;][et_pb_text _builder_version=&#8221;4.20.2&#8243; _module_preset=&#8221;default&#8221; text_text_color=&#8221;#0047e0&#8243; text_font_size=&#8221;12px&#8221; text_line_height=&#8221;1.5em&#8221; global_colors_info=&#8221;{}&#8221;]<\/p>\n<p>Van jongs af aan is de grootste constante in mijn leven, het gevoel dat het bestaan dat we delen \u2018niet klopt\u2019 met zoals \u2018we leven willen\u2019. Altijd heb ik gezocht naar \u2018ander drama\u2019, \u2018andere regels\u2019, ander werk ernaast: <em>Het kan anders<\/em>.* Een rusteloze onvrede die me steeds weer wist te motiveren en vorm gaf aan een benieuwde vraag: <em>hoe nu?<\/em>. Soms is die onvrede aangenaam. Zo niet dan splitst \u2018ie in de vraag: <em>zit die in mij, om me heen of in beide<\/em>? Aankomen in een vertrek .. Adem ruimte in, adem tijd uit .. Na de kunstopleiding ben ik niet voor niks agogie gaan studeren. Een mens is ondoorgrondelijk stelt de filosoof Alain Badiou. Kwam ik toen al in aanraking met zijn filosofie? Of kreeg ik \u2018m in \u2018t vizier tijdens de lessen met mijn eigen studenten? In ieder geval duikt \u2018ie van begin af aan steeds weer opnieuw op. Of duik ik \u2018m op? Een <em>Magical Mystery Tour *<\/em>. Ik moest maar eens wat gaan schijven over zijn gedachtegoed.<\/p>\n<p>[\/et_pb_text][\/et_pb_column][\/et_pb_row][et_pb_row column_structure=&#8221;1_3,1_3,1_3&#8243; _builder_version=&#8221;4.20.2&#8243; _module_preset=&#8221;default&#8221; global_colors_info=&#8221;{}&#8221;][et_pb_column type=&#8221;1_3&#8243; _builder_version=&#8221;4.20.2&#8243; _module_preset=&#8221;default&#8221; global_colors_info=&#8221;{}&#8221;][et_pb_text _builder_version=&#8221;4.20.2&#8243; _module_preset=&#8221;default&#8221; text_text_color=&#8221;#0047e0&#8243; text_font_size=&#8221;12px&#8221; text_line_height=&#8221;1.5em&#8221; global_colors_info=&#8221;{}&#8221;][\/et_pb_text][\/et_pb_column][et_pb_column type=&#8221;1_3&#8243; _builder_version=&#8221;4.20.2&#8243; _module_preset=&#8221;default&#8221; global_colors_info=&#8221;{}&#8221;][et_pb_text _builder_version=&#8221;4.20.2&#8243; _module_preset=&#8221;default&#8221; text_text_color=&#8221;#0047e0&#8243; text_font_size=&#8221;12px&#8221; text_line_height=&#8221;1.5em&#8221; global_colors_info=&#8221;{}&#8221;]<\/p>\n<p>aangenomen \u201cik ben het\u2019<br \/>op de vraag wie daar is<br \/>wat is de aard van dit het?<br \/>dat waar het op aan komt<br \/>een kei niet een ding is,<br \/>wel een baksteen een voorwerp?<br \/>de geruststelling dat ik niet<br \/>kom moorden?<br \/>de deur die in het slot valt<br \/>maar zo mooi het houdt?<br \/>dat de deur die in het slot valt<br \/>eigen is en niet een ander<\/p>\n<p>[\/et_pb_text][\/et_pb_column][et_pb_column type=&#8221;1_3&#8243; _builder_version=&#8221;4.20.2&#8243; _module_preset=&#8221;default&#8221; global_colors_info=&#8221;{}&#8221;][et_pb_text _builder_version=&#8221;4.20.2&#8243; _module_preset=&#8221;default&#8221; text_text_color=&#8221;#0047e0&#8243; text_font_size=&#8221;12px&#8221; text_line_height=&#8221;1.5em&#8221; global_colors_info=&#8221;{}&#8221;][\/et_pb_text][\/et_pb_column][\/et_pb_row][et_pb_row _builder_version=&#8221;4.20.2&#8243; _module_preset=&#8221;default&#8221; global_colors_info=&#8221;{}&#8221;][et_pb_column type=&#8221;4_4&#8243; _builder_version=&#8221;4.20.2&#8243; _module_preset=&#8221;default&#8221; global_colors_info=&#8221;{}&#8221;][et_pb_text _builder_version=&#8221;4.20.2&#8243; _module_preset=&#8221;default&#8221; text_text_color=&#8221;#0047e0&#8243; text_font_size=&#8221;10px&#8221; text_line_height=&#8221;1.4em&#8221; global_colors_info=&#8221;{}&#8221;]<\/p>\n<p>VOETNOTEN<br \/>* banner: kinderen tijdens Weg van kunst 2006 bij de installatie \u2018vanzelfsprekend\u2019 door work#art<\/p>\n<p>* \u2018<strong>Ben jij het, ik?<\/strong>\u2018 is de titel van een gedicht van Kees Ouwens uit 2004 in de gelijknamige dichtbundel, die na zijn overlijden in 2005 is uitgekomen bij Meulenhoff \u2013 Amsterdam. In een recensie in Awater Jaargang 5 (2006) onder de titel <em>Eindelijk een ander<\/em> [p. 34 en 35] <a title=\"citeert Bas Belleman hem\" href=\"https:\/\/www.dbnl.org\/tekst\/_awa001200601_01\/_awa001200601_01_0012.php\" target=\"_blank\" rel=\"noopener\">citeert Bas Belleman hem<\/a>: \u201c\u2018mijn intelligentie is al even gevoelig als mijn ziel,\u2019 schreef Kees Ouwens (1944-2004) in zijn debuut\u00a0Arcadia.\u00a0In zijn nagelaten gedichten, zien we dat daar in de loop der jaren weinig verandering in kwam: \u2018woelingen uit mijn geest afkomstig maakten op mijn hart\/ jacht\u2019. En in een ander gedicht: \u2018twee trappen af snelt het bewuste zijn, de een\/ in de ander, de dubbelganger in de eenling.\u2019 Het is kenmerkend voor Ouwens. In zijn gedichten komen rede en gevoel, verstand en intu\u00eftie, taal en emotie regelmatig terug als tegenstellingen die in \u00e9\u00e9n persoon samenkomen en zelfs soortgelijk zijn. Beide zijn even gevoelig. Het zijn dubbelgangers. Ze komen samen in de \u2018eenling\u2019. Het zijn lang niet de enige tegenstellingen waar de gevoelige intelligentie van Ouwens zijn tanden op stukbijt. God en de wereld, God en de ik-figuur, zelfs Sjonnie en Anita komen als zodanig langs. <em>Alle tegenstellingen zijn eigenlijk kanten van hetzelfde,<\/em> lijkt Ouwens te zeggen.\u201d Aan het slot van het blog het eerste deel van het gedicht waaraan bundel en blog hun titel ontlenen. In \u2018Ben jij het, ik?\u2019 is de dichtersziel nog springlevend. Hij laat daarmee een testament na dat nog lang door zal werken.<\/p>\n<p>* \u2018Kai aus der Kiste\u2019, een fantastisch verhaal, geschreven door Wolf Durian (pseud. van Walther Wolfgang Bechtle.) in 1926. <a title=\"Link\" href=\"https:\/\/de.wikipedia.org\/wiki\/Kai_aus_der_Kiste_(Roman)\" target=\"_blank\" rel=\"noopener\">Link<\/a><\/p>\n<p>*<a title=\" &lt;em&gt;Magical Mystery Tour\" href=\"https:\/\/nl.wikipedia.org\/wiki\/Magical_Mystery_Tour_(album)\" target=\"_blank\" rel=\"noopener\"> <em>Magical Mystery Tour<\/em><\/a>\u00a0is een album van\u00a0The Beatles\u00a0met veel\u00a0psychedelische muziek. Opgenomen midden\u00a01967 en uitgebracht aan het eind van dat jaar. Rond die tijd verbleef ik in Duitsland in een uitwisseling. Alle gelegenheid dus om de plaat \/ platen grijs te draaien, binnen de sferen als bedoeld. Zo draaiden we de plaat vanuit het centrum ook altijd even een stukje andersom en meenden we de tekst te horen:<em>There must be another way, There must be another way ..<\/em><\/p>\n<p>[\/et_pb_text][\/et_pb_column][\/et_pb_row][\/et_pb_section]<\/p>","protected":false},"excerpt":{"rendered":"<p>Vorige pagina \u21b5Dit is de laatste column die is overgenomen uit de vorige website. De komende tijd worden de voorgaande ook geplaatst. Natuurlijk krijgen nieuwe columns de eerste plek.\u00a0\u00a0\u00a0\u00a0\u00a0\u00a0\u00a0\u00a0\u00a0\u00a0\u00a0\u00a0\u00a0\u00a0\u00a0\u00a0\u00a0\u00a0\u00a0\u00a0\u00a0\u00a0 Ben jij het, ik?\u201cKom nou maar\u201d, had hij gezegd: \u201cWe zien wel wat er gebeurt\u201d. En zo was het gegaan .. vanzelf, volkomen vrijwillig, onvoorwaardelijk eigenlijk.Het [&hellip;]<\/p>","protected":false},"author":2,"featured_media":0,"parent":0,"menu_order":0,"comment_status":"closed","ping_status":"closed","template":"","meta":{"_et_pb_use_builder":"on","_et_pb_old_content":"","_et_gb_content_width":"","inline_featured_image":false,"footnotes":""},"class_list":["post-1038","page","type-page","status-publish","hentry"],"_links":{"self":[{"href":"https:\/\/workheart.nl\/en\/wp-json\/wp\/v2\/pages\/1038","targetHints":{"allow":["GET"]}}],"collection":[{"href":"https:\/\/workheart.nl\/en\/wp-json\/wp\/v2\/pages"}],"about":[{"href":"https:\/\/workheart.nl\/en\/wp-json\/wp\/v2\/types\/page"}],"author":[{"embeddable":true,"href":"https:\/\/workheart.nl\/en\/wp-json\/wp\/v2\/users\/2"}],"replies":[{"embeddable":true,"href":"https:\/\/workheart.nl\/en\/wp-json\/wp\/v2\/comments?post=1038"}],"version-history":[{"count":25,"href":"https:\/\/workheart.nl\/en\/wp-json\/wp\/v2\/pages\/1038\/revisions"}],"predecessor-version":[{"id":2881,"href":"https:\/\/workheart.nl\/en\/wp-json\/wp\/v2\/pages\/1038\/revisions\/2881"}],"wp:attachment":[{"href":"https:\/\/workheart.nl\/en\/wp-json\/wp\/v2\/media?parent=1038"}],"curies":[{"name":"wp","href":"https:\/\/api.w.org\/{rel}","templated":true}]}}