{"id":652,"date":"2023-05-18T12:52:28","date_gmt":"2023-05-18T12:52:28","guid":{"rendered":"https:\/\/workheart.nl\/?page_id=652"},"modified":"2023-08-20T13:06:24","modified_gmt":"2023-08-20T13:06:24","slug":"balance","status":"publish","type":"page","link":"https:\/\/workheart.nl\/en\/balance\/","title":{"rendered":"Balance"},"content":{"rendered":"<p>[et_pb_section fb_built=&#8221;1&#8243; _builder_version=&#8221;4.20.2&#8243; _module_preset=&#8221;default&#8221; use_background_color_gradient=&#8221;on&#8221; background_color_gradient_stops=&#8221;#a6d8dd 0%|#7bc4b8 100%&#8221; global_colors_info=&#8221;{}&#8221;][et_pb_row _builder_version=&#8221;4.20.2&#8243; _module_preset=&#8221;default&#8221; custom_margin=&#8221;-66px||||false|false&#8221; global_colors_info=&#8221;{}&#8221;][et_pb_column type=&#8221;4_4&#8243; _builder_version=&#8221;4.20.2&#8243; _module_preset=&#8221;default&#8221; global_colors_info=&#8221;{}&#8221;][et_pb_text _builder_version=&#8221;4.20.2&#8243; _module_preset=&#8221;default&#8221; text_text_color=&#8221;#8300E9&#8243; text_font_size=&#8221;10px&#8221; link_option_url=&#8221;https:\/\/workheart.nl\/?page_id=570&#8243; hover_enabled=&#8221;0&#8243; global_colors_info=&#8221;{}&#8221; sticky_enabled=&#8221;0&#8243;]<\/p>\n<p><em>Previous page<\/em> \u21b5<\/p>\n<p>[\/et_pb_text][\/et_pb_column][\/et_pb_row][et_pb_row _builder_version=&#8221;4.20.2&#8243; _module_preset=&#8221;default&#8221; min_height=&#8221;15px&#8221; custom_margin=&#8221;|auto|-32px|auto||&#8221; custom_padding=&#8221;24px|||||&#8221; global_colors_info=&#8221;{}&#8221;][et_pb_column type=&#8221;4_4&#8243; _builder_version=&#8221;4.20.2&#8243; _module_preset=&#8221;default&#8221; global_colors_info=&#8221;{}&#8221;][et_pb_image src=&#8221;https:\/\/workheart.nl\/wp-content\/uploads\/2023\/04\/Balance-MeetingPoint-Saigon-4-scaled.jpg&#8221; title_text=&#8221;Balance-MeetingPoint-Saigon-4&#8243; show_in_lightbox=&#8221;on&#8221; align=&#8221;center&#8221; _builder_version=&#8221;4.20.2&#8243; _module_preset=&#8221;default&#8221; height=&#8221;320px&#8221; border_radii=&#8221;on|20px|20px|20px|20px&#8221; global_colors_info=&#8221;{}&#8221;][\/et_pb_image][\/et_pb_column][\/et_pb_row][et_pb_row _builder_version=&#8221;4.20.2&#8243; _module_preset=&#8221;default&#8221; min_height=&#8221;178.7px&#8221; custom_margin=&#8221;-21px||||false|false&#8221; global_colors_info=&#8221;{}&#8221;][et_pb_column type=&#8221;4_4&#8243; _builder_version=&#8221;4.20.2&#8243; _module_preset=&#8221;default&#8221; global_colors_info=&#8221;{}&#8221;][et_pb_text _builder_version=&#8221;4.20.2&#8243; _module_preset=&#8221;default&#8221; text_text_color=&#8221;#0047e0&#8243; global_colors_info=&#8221;{}&#8221;]<\/p>\n<p>In 2014 kregen we de kans om in het Ho Chi Minh Museum of Fine Arts te exposeren. Op het vloeroppervlak dat niet werd gebruikt door 25 Nederlandse en 11 Vietnamese schilders. Gewapend met niet meer dan een idee om, samen met (ons nog onbekende) Vietnamese kunstenaars, met inheemse materialen een kunstwerk te ontwikkelen, stapten we op 9 april in het vliegtuig naar Vietnam.<br \/>Ruim drie weken later stond in de hal van het museum de installatie &#8216;Balance&#8217;; een co-productie van Truong Tg\u012f H\u00e2n, Tr\u00e0n Tanh T\u00f9 en duo\u00a0 work#art.<br \/>Deze foto is een opname van HTV7, de sociaalculturele tv zender van Saigon.<\/p>\n<p>[\/et_pb_text][et_pb_text _builder_version=&#8221;4.20.2&#8243; _module_preset=&#8221;default&#8221; text_text_color=&#8221;#0047e0&#8243; text_font_size=&#8221;20px&#8221; global_colors_info=&#8221;{}&#8221;]<\/p>\n<p>Drie weken hard werken met zijn vieren<\/p>\n<p>[\/et_pb_text][\/et_pb_column][\/et_pb_row][et_pb_row column_structure=&#8221;1_4,1_4,1_4,1_4&#8243; _builder_version=&#8221;4.20.2&#8243; _module_preset=&#8221;default&#8221; min_height=&#8221;222.2px&#8221; custom_margin=&#8221;0px||||false|false&#8221; global_colors_info=&#8221;{}&#8221;][et_pb_column type=&#8221;1_4&#8243; _builder_version=&#8221;4.20.2&#8243; _module_preset=&#8221;default&#8221; global_colors_info=&#8221;{}&#8221;][et_pb_image src=&#8221;https:\/\/workheart.nl\/wp-content\/uploads\/2023\/04\/HT-atelier-HCMC-scaled.jpeg&#8221; title_text=&#8221;DSC01842&#8243; _builder_version=&#8221;4.20.2&#8243; _module_preset=&#8221;default&#8221; border_radii=&#8221;on|20px|20px|20px|20px&#8221; border_width_all=&#8221;6px&#8221; border_color_all=&#8221;#1db7d6&#8243; global_colors_info=&#8221;{}&#8221;][\/et_pb_image][et_pb_text _builder_version=&#8221;4.20.2&#8243; _module_preset=&#8221;default&#8221; text_text_color=&#8221;#0047e0&#8243; global_colors_info=&#8221;{}&#8221;]<\/p>\n<p>in atelier van Richie Streitmacher en Bui Cong Khanh<\/p>\n<p>[\/et_pb_text][\/et_pb_column][et_pb_column type=&#8221;1_4&#8243; _builder_version=&#8221;4.20.2&#8243; _module_preset=&#8221;default&#8221; global_colors_info=&#8221;{}&#8221;][et_pb_image src=&#8221;https:\/\/workheart.nl\/wp-content\/uploads\/2023\/04\/Balance-Atelier-HCMC-1-scaled.jpeg&#8221; title_text=&#8221;DSC01812&#8243; _builder_version=&#8221;4.20.2&#8243; _module_preset=&#8221;default&#8221; border_radii=&#8221;on|20px|20px|20px|20px&#8221; border_width_all=&#8221;6px&#8221; border_color_all=&#8221;#1db7d6&#8243; global_colors_info=&#8221;{}&#8221;][\/et_pb_image][et_pb_text _builder_version=&#8221;4.20.2&#8243; _module_preset=&#8221;default&#8221; text_text_color=&#8221;#0047e0&#8243; global_colors_info=&#8221;{}&#8221;]<\/p>\n<p>het werk groeit met Vietnamese materialen<\/p>\n<p>[\/et_pb_text][\/et_pb_column][et_pb_column type=&#8221;1_4&#8243; _builder_version=&#8221;4.20.2&#8243; _module_preset=&#8221;default&#8221; global_colors_info=&#8221;{}&#8221;][et_pb_image src=&#8221;https:\/\/workheart.nl\/wp-content\/uploads\/2023\/04\/HR-bouwen-in-FA-mus-scaled.jpeg&#8221; title_text=&#8221;DSC01866&#8243; _builder_version=&#8221;4.20.2&#8243; _module_preset=&#8221;default&#8221; border_radii=&#8221;on|20px|20px|20px|20px&#8221; border_width_all=&#8221;6px&#8221; border_color_all=&#8221;#1db7d6&#8243; global_colors_info=&#8221;{}&#8221;][\/et_pb_image][et_pb_text _builder_version=&#8221;4.20.2&#8243; _module_preset=&#8221;default&#8221; text_text_color=&#8221;#0047e0&#8243; global_colors_info=&#8221;{}&#8221;]<\/p>\n<p>H\u00e2n en Rietje bewerken de voorouder banier<\/p>\n<p>[\/et_pb_text][\/et_pb_column][et_pb_column type=&#8221;1_4&#8243; _builder_version=&#8221;4.20.2&#8243; _module_preset=&#8221;default&#8221; global_colors_info=&#8221;{}&#8221;][et_pb_image src=&#8221;https:\/\/workheart.nl\/wp-content\/uploads\/2023\/04\/Balance-bouwen-in-FA-mus-scaled.jpeg&#8221; title_text=&#8221;Balance bouwen in FA mus&#8221; _builder_version=&#8221;4.20.2&#8243; _module_preset=&#8221;default&#8221; border_radii=&#8221;on|20px|20px|20px|20px&#8221; border_width_all=&#8221;6px&#8221; border_color_all=&#8221;#1db7d6&#8243; global_colors_info=&#8221;{}&#8221;][\/et_pb_image][et_pb_text _builder_version=&#8221;4.20.2&#8243; _module_preset=&#8221;default&#8221; text_text_color=&#8221;#0047e0&#8243; global_colors_info=&#8221;{}&#8221;]<\/p>\n<p>&#8216;Balance&#8217; in opbouw in de museumhal<\/p>\n<p>[\/et_pb_text][\/et_pb_column][\/et_pb_row][et_pb_row _builder_version=&#8221;4.20.2&#8243; _module_preset=&#8221;default&#8221; global_colors_info=&#8221;{}&#8221;][et_pb_column type=&#8221;4_4&#8243; _builder_version=&#8221;4.20.2&#8243; _module_preset=&#8221;default&#8221; global_colors_info=&#8221;{}&#8221;][et_pb_text _builder_version=&#8221;4.20.2&#8243; _module_preset=&#8221;default&#8221; text_text_color=&#8221;#0047e0&#8243; text_font_size=&#8221;20px&#8221; global_colors_info=&#8221;{}&#8221;]<\/p>\n<p>de opening van MeetingPoint; de installatie &#8216;Balance&#8217; staat centraal in de hal van het museum<\/p>\n<p>[\/et_pb_text][\/et_pb_column][\/et_pb_row][et_pb_row column_structure=&#8221;1_4,1_4,1_4,1_4&#8243; _builder_version=&#8221;4.20.2&#8243; _module_preset=&#8221;default&#8221; global_colors_info=&#8221;{}&#8221;][et_pb_column type=&#8221;1_4&#8243; _builder_version=&#8221;4.20.2&#8243; _module_preset=&#8221;default&#8221; global_colors_info=&#8221;{}&#8221;][et_pb_image src=&#8221;https:\/\/workheart.nl\/wp-content\/uploads\/2023\/04\/Opening-Balance-7-scaled.jpeg&#8221; title_text=&#8221;DSC02012&#8243; _builder_version=&#8221;4.20.2&#8243; _module_preset=&#8221;default&#8221; border_radii=&#8221;on|20px|20px|20px|20px&#8221; border_width_all=&#8221;6px&#8221; border_color_all=&#8221;#1db7d6&#8243; global_colors_info=&#8221;{}&#8221;][\/et_pb_image][et_pb_text _builder_version=&#8221;4.20.2&#8243; _module_preset=&#8221;default&#8221; text_text_color=&#8221;#0047e0&#8243; global_colors_info=&#8221;{}&#8221;]<\/p>\n<p>voorouder banier en zwarte spiegel<\/p>\n<p>[\/et_pb_text][\/et_pb_column][et_pb_column type=&#8221;1_4&#8243; _builder_version=&#8221;4.20.2&#8243; _module_preset=&#8221;default&#8221; global_colors_info=&#8221;{}&#8221;][et_pb_image src=&#8221;https:\/\/workheart.nl\/wp-content\/uploads\/2023\/04\/Opening-Balance-3-scaled.jpeg&#8221; title_text=&#8221;DSC02005&#8243; _builder_version=&#8221;4.20.2&#8243; _module_preset=&#8221;default&#8221; border_radii=&#8221;on|20px|20px|20px|20px&#8221; border_width_all=&#8221;6px&#8221; border_color_all=&#8221;#1db7d6&#8243; global_colors_info=&#8221;{}&#8221;][\/et_pb_image][et_pb_text _builder_version=&#8221;4.20.2&#8243; _module_preset=&#8221;default&#8221; text_text_color=&#8221;#0047e0&#8243; global_colors_info=&#8221;{}&#8221;]<\/p>\n<p>spreken door de wielen heen<\/p>\n<p>[\/et_pb_text][\/et_pb_column][et_pb_column type=&#8221;1_4&#8243; _builder_version=&#8221;4.20.2&#8243; _module_preset=&#8221;default&#8221; global_colors_info=&#8221;{}&#8221;][et_pb_image src=&#8221;https:\/\/workheart.nl\/wp-content\/uploads\/2023\/04\/Opening-Balance-5-scaled.jpeg&#8221; title_text=&#8221;DSC02008&#8243; _builder_version=&#8221;4.20.2&#8243; _module_preset=&#8221;default&#8221; border_radii=&#8221;on|20px|20px|20px|20px&#8221; border_width_all=&#8221;6px&#8221; border_color_all=&#8221;#1db7d6&#8243; global_colors_info=&#8221;{}&#8221;][\/et_pb_image][et_pb_text _builder_version=&#8221;4.20.2&#8243; _module_preset=&#8221;default&#8221; text_text_color=&#8221;#0047e0&#8243; global_colors_info=&#8221;{}&#8221;]<\/p>\n<p>museumdirecteur mevr. Ma Ca\u00f4 en Consul Generaal dhr Verburg<\/p>\n<p>[\/et_pb_text][\/et_pb_column][et_pb_column type=&#8221;1_4&#8243; _builder_version=&#8221;4.20.2&#8243; _module_preset=&#8221;default&#8221; global_colors_info=&#8221;{}&#8221;][et_pb_image src=&#8221;https:\/\/workheart.nl\/wp-content\/uploads\/2023\/04\/PubliekBalance1-1-scaled.jpg&#8221; title_text=&#8221;PubliekBalance1&#8243; _builder_version=&#8221;4.20.2&#8243; _module_preset=&#8221;default&#8221; height=&#8221;127px&#8221; border_radii=&#8221;on|20px|20px|20px|20px&#8221; border_width_all=&#8221;6px&#8221; border_color_all=&#8221;#1db7d6&#8243; global_colors_info=&#8221;{}&#8221;][\/et_pb_image][et_pb_text _builder_version=&#8221;4.20.2&#8243; _module_preset=&#8221;default&#8221; text_text_color=&#8221;#0047e0&#8243; global_colors_info=&#8221;{}&#8221;]<\/p>\n<p>publiek tijdens de opening<\/p>\n<p>[\/et_pb_text][\/et_pb_column][\/et_pb_row][et_pb_row _builder_version=&#8221;4.20.2&#8243; _module_preset=&#8221;default&#8221; global_colors_info=&#8221;{}&#8221;][et_pb_column type=&#8221;4_4&#8243; _builder_version=&#8221;4.20.2&#8243; _module_preset=&#8221;default&#8221; global_colors_info=&#8221;{}&#8221;][et_pb_text _builder_version=&#8221;4.20.2&#8243; _module_preset=&#8221;default&#8221; text_text_color=&#8221;#8300E9&#8243; text_font_size=&#8221;11px&#8221; link_option_url=&#8221;https:\/\/workheart.nl\/?page_id=717&#038;et_fb=1&#038;PageSpeed=off&#8221; hover_enabled=&#8221;0&#8243; global_colors_info=&#8221;{}&#8221; sticky_enabled=&#8221;0&#8243;]<\/p>\n<p><em>Archief<\/em><\/p>\n<p>[\/et_pb_text][\/et_pb_column][\/et_pb_row][\/et_pb_section]<\/p>","protected":false},"excerpt":{"rendered":"<p>Vorige pagina \u21b5In 2014 kregen we de kans om in het Ho Chi Minh Museum of Fine Arts te exposeren. Op het vloeroppervlak dat niet werd gebruikt door 25 Nederlandse en 11 Vietnamese schilders. Gewapend met niet meer dan een idee om, samen met (ons nog onbekende) Vietnamese kunstenaars, met inheemse materialen een kunstwerk te [&hellip;]<\/p>","protected":false},"author":2,"featured_media":0,"parent":0,"menu_order":0,"comment_status":"closed","ping_status":"closed","template":"","meta":{"_et_pb_use_builder":"on","_et_pb_old_content":"","_et_gb_content_width":"","inline_featured_image":false,"footnotes":""},"class_list":["post-652","page","type-page","status-publish","hentry"],"_links":{"self":[{"href":"https:\/\/workheart.nl\/en\/wp-json\/wp\/v2\/pages\/652","targetHints":{"allow":["GET"]}}],"collection":[{"href":"https:\/\/workheart.nl\/en\/wp-json\/wp\/v2\/pages"}],"about":[{"href":"https:\/\/workheart.nl\/en\/wp-json\/wp\/v2\/types\/page"}],"author":[{"embeddable":true,"href":"https:\/\/workheart.nl\/en\/wp-json\/wp\/v2\/users\/2"}],"replies":[{"embeddable":true,"href":"https:\/\/workheart.nl\/en\/wp-json\/wp\/v2\/comments?post=652"}],"version-history":[{"count":29,"href":"https:\/\/workheart.nl\/en\/wp-json\/wp\/v2\/pages\/652\/revisions"}],"predecessor-version":[{"id":2247,"href":"https:\/\/workheart.nl\/en\/wp-json\/wp\/v2\/pages\/652\/revisions\/2247"}],"wp:attachment":[{"href":"https:\/\/workheart.nl\/en\/wp-json\/wp\/v2\/media?parent=652"}],"curies":[{"name":"wp","href":"https:\/\/api.w.org\/{rel}","templated":true}]}}