{"id":996,"date":"2023-05-18T19:45:11","date_gmt":"2023-05-18T19:45:11","guid":{"rendered":"https:\/\/workheart.nl\/?page_id=996"},"modified":"2023-05-25T13:04:43","modified_gmt":"2023-05-25T13:04:43","slug":"buitenland","status":"publish","type":"page","link":"https:\/\/workheart.nl\/en\/buitenland\/","title":{"rendered":"abroad"},"content":{"rendered":"<p>[et_pb_section fb_built=&#8221;1&#8243; _builder_version=&#8221;4.20.2&#8243; _module_preset=&#8221;default&#8221; use_background_color_gradient=&#8221;on&#8221; background_color_gradient_stops=&#8221;#e0e5c9 0%|#a6c4be 100%&#8221; custom_padding=&#8221;||56px|||&#8221; global_colors_info=&#8221;{}&#8221;][et_pb_row _builder_version=&#8221;4.20.2&#8243; _module_preset=&#8221;default&#8221; custom_margin=&#8221;-67px||||false|false&#8221; global_colors_info=&#8221;{}&#8221;][et_pb_column type=&#8221;4_4&#8243; _builder_version=&#8221;4.20.2&#8243; _module_preset=&#8221;default&#8221; global_colors_info=&#8221;{}&#8221;][et_pb_text _builder_version=&#8221;4.20.2&#8243; _module_preset=&#8221;default&#8221; text_font=&#8221;Alata||||||||&#8221; text_text_color=&#8221;#8300E9&#8243; text_font_size=&#8221;10px&#8221; link_option_url=&#8221;https:\/\/workheart.nl\/wat-doen-we\/&#8221; hover_enabled=&#8221;0&#8243; global_colors_info=&#8221;{}&#8221; sticky_enabled=&#8221;0&#8243;]<\/p>\n<p><em>Previous page<\/em><\/p>\n<p>[\/et_pb_text][\/et_pb_column][\/et_pb_row][et_pb_row _builder_version=&#8221;4.20.2&#8243; _module_preset=&#8221;default&#8221; custom_margin=&#8221;-45px||||false|false&#8221; global_colors_info=&#8221;{}&#8221;][et_pb_column type=&#8221;4_4&#8243; _builder_version=&#8221;4.20.2&#8243; _module_preset=&#8221;default&#8221; global_colors_info=&#8221;{}&#8221;][et_pb_text _builder_version=&#8221;4.20.2&#8243; _module_preset=&#8221;default&#8221; text_font=&#8221;Alata||||||||&#8221; text_text_color=&#8221;#0047e0&#8243; text_font_size=&#8221;15px&#8221; global_colors_info=&#8221;{}&#8221;]<\/p>\n<p>Dit is nog slechts een overzicht van wat in het buitenland is gedaan. Achter iedere foto gaat een verhaal schuil; komende weken worden die geplaatst. <br \/>Blijf kijken dus&#8230;<\/p>\n<p>[\/et_pb_text][\/et_pb_column][\/et_pb_row][et_pb_row column_structure=&#8221;1_4,1_4,1_4,1_4&#8243; _builder_version=&#8221;4.20.2&#8243; _module_preset=&#8221;default&#8221; global_colors_info=&#8221;{}&#8221;][et_pb_column type=&#8221;1_4&#8243; _builder_version=&#8221;4.20.2&#8243; _module_preset=&#8221;default&#8221; global_colors_info=&#8221;{}&#8221;][et_pb_image src=&#8221;https:\/\/workheart.nl\/wp-content\/uploads\/2023\/04\/Binnenoor-detail-Blogbanner58.jpg&#8221; title_text=&#8221;Binnenoor-detail-Blogbanner58&#8243; _builder_version=&#8221;4.20.2&#8243; _module_preset=&#8221;default&#8221; border_radii=&#8221;on|20px|20px|20px|20px&#8221; border_width_all=&#8221;6px&#8221; border_color_all=&#8221;#99afaf&#8221; global_colors_info=&#8221;{}&#8221;][\/et_pb_image][et_pb_text _builder_version=&#8221;4.20.2&#8243; _module_preset=&#8221;default&#8221; text_font=&#8221;Alata||||||||&#8221; text_text_color=&#8221;#0047e0&#8243; text_font_size=&#8221;10px&#8221; text_line_height=&#8221;1.5em&#8221; custom_margin=&#8221;-30px||||false|false&#8221; global_colors_info=&#8221;{}&#8221;]<\/p>\n<p>Anklang &#8211; Griekenland 2018<br \/>Nog niet kunnen voltooien<\/p>\n<p>[\/et_pb_text][\/et_pb_column][et_pb_column type=&#8221;1_4&#8243; _builder_version=&#8221;4.20.2&#8243; _module_preset=&#8221;default&#8221; global_colors_info=&#8221;{}&#8221;][et_pb_image src=&#8221;https:\/\/workheart.nl\/wp-content\/uploads\/2023\/04\/09-artwork1-black-lacquer-2.jpeg&#8221; title_text=&#8221;09-artwork1-black-lacquer-2&#8243; _builder_version=&#8221;4.20.2&#8243; _module_preset=&#8221;default&#8221; height=&#8221;134px&#8221; border_radii=&#8221;on|20px|20px|20px|20px&#8221; border_width_all=&#8221;6px&#8221; border_color_all=&#8221;#99afaf&#8221; global_colors_info=&#8221;{}&#8221;][\/et_pb_image][et_pb_text _builder_version=&#8221;4.20.2&#8243; _module_preset=&#8221;default&#8221; text_font=&#8221;Alata||||||||&#8221; text_text_color=&#8221;#0047e0&#8243; text_font_size=&#8221;10px&#8221; text_line_height=&#8221;1.5em&#8221; custom_margin=&#8221;-30px||||false|false&#8221; global_colors_info=&#8221;{}&#8221;]<\/p>\n<p>Lacquerwork Vietnam 2016<br \/>Het werk is nog in Saigon<\/p>\n<p>[\/et_pb_text][\/et_pb_column][et_pb_column type=&#8221;1_4&#8243; _builder_version=&#8221;4.20.2&#8243; _module_preset=&#8221;default&#8221; global_colors_info=&#8221;{}&#8221;][et_pb_image src=&#8221;https:\/\/workheart.nl\/wp-content\/uploads\/2023\/05\/haktak.jpg&#8221; title_text=&#8221;haktak&#8221; _builder_version=&#8221;4.20.2&#8243; _module_preset=&#8221;default&#8221; height=&#8221;136px&#8221; border_radii=&#8221;on|20px|20px|20px|20px&#8221; border_width_all=&#8221;6px&#8221; border_color_all=&#8221;#99afaf&#8221; global_colors_info=&#8221;{}&#8221;][\/et_pb_image][et_pb_text _builder_version=&#8221;4.20.2&#8243; _module_preset=&#8221;default&#8221; text_font=&#8221;Alata||||||||&#8221; text_text_color=&#8221;#0047e0&#8243; text_font_size=&#8221;10px&#8221; text_line_height=&#8221;1.5em&#8221; custom_margin=&#8221;-30px||||false|false&#8221; global_colors_info=&#8221;{}&#8221;]<\/p>\n<p>HakTak, Thanh H\u00e1\u00a0 Vietnam 2015<br \/>werk i.s.m. pottenbakkers uit het dorp<\/p>\n<p>[\/et_pb_text][\/et_pb_column][et_pb_column type=&#8221;1_4&#8243; _builder_version=&#8221;4.20.2&#8243; _module_preset=&#8221;default&#8221; global_colors_info=&#8221;{}&#8221;][et_pb_image src=&#8221;https:\/\/workheart.nl\/wp-content\/uploads\/2023\/04\/PubliekBalance1-1-scaled.jpg&#8221; title_text=&#8221;PubliekBalance1&#8243; _builder_version=&#8221;4.20.2&#8243; _module_preset=&#8221;default&#8221; height=&#8221;138px&#8221; border_radii=&#8221;on|20px|20px|20px|20px&#8221; border_width_all=&#8221;5px&#8221; border_color_all=&#8221;#99afaf&#8221; global_colors_info=&#8221;{}&#8221;][\/et_pb_image][et_pb_text _builder_version=&#8221;4.20.2&#8243; _module_preset=&#8221;default&#8221; text_font=&#8221;Alata||||||||&#8221; text_text_color=&#8221;#0047e0&#8243; text_font_size=&#8221;10px&#8221; text_line_height=&#8221;1.5em&#8221; custom_margin=&#8221;-30px||||false|false&#8221; global_colors_info=&#8221;{}&#8221;]<\/p>\n<p>Balance, Ho Chi Minh City in museumhal 2014<br \/>werk i.s.m. Truong Ng\u012f H\u00e2n en Tr\u00e0n Tanh T\u00f9<\/p>\n<p>[\/et_pb_text][\/et_pb_column][\/et_pb_row][et_pb_row column_structure=&#8221;1_5,1_5,1_5,1_5,1_5&#8243; _builder_version=&#8221;4.20.2&#8243; _module_preset=&#8221;default&#8221; global_colors_info=&#8221;{}&#8221;][et_pb_column type=&#8221;1_5&#8243; _builder_version=&#8221;4.20.2&#8243; _module_preset=&#8221;default&#8221; global_colors_info=&#8221;{}&#8221;][et_pb_image src=&#8221;https:\/\/workheart.nl\/wp-content\/uploads\/2023\/04\/Voetjesdetail-scaled.jpeg&#8221; title_text=&#8221;Voetjesdetail&#8221; _builder_version=&#8221;4.20.2&#8243; _module_preset=&#8221;default&#8221; border_radii=&#8221;on|20px|20px|20px|20px&#8221; border_width_all=&#8221;6px&#8221; border_color_all=&#8221;#99afaf&#8221; global_colors_info=&#8221;{}&#8221;][\/et_pb_image][et_pb_text _builder_version=&#8221;4.20.2&#8243; _module_preset=&#8221;default&#8221; text_font=&#8221;Alata||||||||&#8221; text_text_color=&#8221;#0047e0&#8243; text_font_size=&#8221;10px&#8221; text_line_height=&#8221;1.5em&#8221; custom_margin=&#8221;-30px||||false|false&#8221; global_colors_info=&#8221;{}&#8221;]<\/p>\n<p>Voetencarroussel, Veneti\u00eb 2013<br \/>Genomineerd Arte Laguna Prize<\/p>\n<p>[\/et_pb_text][\/et_pb_column][et_pb_column type=&#8221;1_5&#8243; _builder_version=&#8221;4.20.2&#8243; _module_preset=&#8221;default&#8221; global_colors_info=&#8221;{}&#8221;][et_pb_image src=&#8221;https:\/\/workheart.nl\/wp-content\/uploads\/2023\/05\/Inkt-scaled.jpeg&#8221; title_text=&#8221;SONY DSC&#8221; _builder_version=&#8221;4.20.2&#8243; _module_preset=&#8221;default&#8221; height=&#8221;126px&#8221; border_radii=&#8221;on|20px|20px|20px|20px&#8221; border_width_all=&#8221;6px&#8221; border_color_all=&#8221;#99afaf&#8221; global_colors_info=&#8221;{}&#8221;][\/et_pb_image][et_pb_text _builder_version=&#8221;4.20.2&#8243; _module_preset=&#8221;default&#8221; text_font=&#8221;Alata||||||||&#8221; text_text_color=&#8221;#0047e0&#8243; text_font_size=&#8221;10px&#8221; text_line_height=&#8221;1.5em&#8221; custom_margin=&#8221;-30px||||false|false&#8221; global_colors_info=&#8221;{}&#8221;]<\/p>\n<p>Inkt! Oudenaarde Joti T&#8217;Hooft Po\u00ebzieprijs 2010<br \/>Projectie pen op katern<\/p>\n<p>[\/et_pb_text][\/et_pb_column][et_pb_column type=&#8221;1_5&#8243; _builder_version=&#8221;4.20.2&#8243; _module_preset=&#8221;default&#8221; global_colors_info=&#8221;{}&#8221;][et_pb_image src=&#8221;https:\/\/workheart.nl\/wp-content\/uploads\/2023\/05\/interieurk-1kl.jpg&#8221; title_text=&#8221;interieurk-1kl&#8221; _builder_version=&#8221;4.20.2&#8243; _module_preset=&#8221;default&#8221; border_radii=&#8221;on|20px|20px|20px|20px&#8221; border_width_all=&#8221;6px&#8221; border_color_all=&#8221;#99afaf&#8221; global_colors_info=&#8221;{}&#8221;][\/et_pb_image][et_pb_text _builder_version=&#8221;4.20.2&#8243; _module_preset=&#8221;default&#8221; text_font=&#8221;Alata||||||||&#8221; text_text_color=&#8221;#0047e0&#8243; text_font_size=&#8221;10px&#8221; text_line_height=&#8221;1.5em&#8221; custom_margin=&#8221;-30px||||false|false&#8221; global_colors_info=&#8221;{}&#8221;]<\/p>\n<p>Hengelen, Oudenaarde kerk Joti T&#8217;Hooft Po\u00ebzieprijs 2008<br \/>Hengels met veren in balans<\/p>\n<p>[\/et_pb_text][\/et_pb_column][et_pb_column type=&#8221;1_5&#8243; _builder_version=&#8221;4.20.2&#8243; _module_preset=&#8221;default&#8221; global_colors_info=&#8221;{}&#8221;][et_pb_image src=&#8221;https:\/\/workheart.nl\/wp-content\/uploads\/2023\/04\/Auf-Auf-Bremen-Fragment-Practisch-scaled.jpg&#8221; title_text=&#8221;Auf-Auf-Bremen-Fragment-Practisch&#8221; _builder_version=&#8221;4.20.2&#8243; _module_preset=&#8221;default&#8221; height=&#8221;127px&#8221; border_radii=&#8221;on|20px|20px|20px|20px&#8221; border_width_all=&#8221;6px&#8221; border_color_all=&#8221;#99afaf&#8221; global_colors_info=&#8221;{}&#8221;][\/et_pb_image][et_pb_text _builder_version=&#8221;4.20.2&#8243; _module_preset=&#8221;default&#8221; text_font=&#8221;Alata||||||||&#8221; text_text_color=&#8221;#0047e0&#8243; text_font_size=&#8221;10px&#8221; text_line_height=&#8221;1.5em&#8221; custom_margin=&#8221;-30px||||false|false&#8221; global_colors_info=&#8221;{}&#8221;]<\/p>\n<p>&#8216;Auf der Brache&#8217;, Bremen 2009<br \/>Sculpture i.s.m. Linda K. Anderson<\/p>\n<p>[\/et_pb_text][\/et_pb_column][et_pb_column type=&#8221;1_5&#8243; _builder_version=&#8221;4.20.2&#8243; _module_preset=&#8221;default&#8221; global_colors_info=&#8221;{}&#8221;][et_pb_image src=&#8221;https:\/\/workheart.nl\/wp-content\/uploads\/2023\/05\/MC04.jpg&#8221; title_text=&#8221;MC04&#8243; _builder_version=&#8221;4.20.2&#8243; _module_preset=&#8221;default&#8221; height=&#8221;128px&#8221; border_radii=&#8221;on|20px|20px|20px|20px&#8221; border_width_all=&#8221;6px&#8221; border_color_all=&#8221;#99afaf&#8221; global_colors_info=&#8221;{}&#8221;][\/et_pb_image][et_pb_text _builder_version=&#8221;4.20.2&#8243; _module_preset=&#8221;default&#8221; text_font=&#8221;Alata||||||||&#8221; text_text_color=&#8221;#0047e0&#8243; text_font_size=&#8221;10px&#8221; text_line_height=&#8221;1.5em&#8221; custom_margin=&#8221;-30px||||false|false&#8221; global_colors_info=&#8221;{}&#8221;]<\/p>\n<p>&#8216;Boxshock&#8217; &#8211; E poi?\u00a0 Milaan 2009<br \/>Camera, TV, lichtkrant, katern\/audio<\/p>\n<p>[\/et_pb_text][\/et_pb_column][\/et_pb_row][\/et_pb_section]<\/p>","protected":false},"excerpt":{"rendered":"<p>Vorige pagina \u21b5Dit is nog slechts een overzicht van wat in het buitenland is gedaan. Achter iedere foto gaat een verhaal schuil; komende weken worden die geplaatst. Blijf kijken dus&#8230;Anklang &#8211; Griekenland 2018Nog niet kunnen voltooienLacquerwork Vietnam 2016Het werk is nog in SaigonHakTak, Thanh H\u00e1\u00a0 Vietnam 2015werk i.s.m. pottenbakkers uit het dorpBalance, Ho Chi Minh [&hellip;]<\/p>","protected":false},"author":2,"featured_media":0,"parent":0,"menu_order":0,"comment_status":"closed","ping_status":"closed","template":"","meta":{"_et_pb_use_builder":"on","_et_pb_old_content":"","_et_gb_content_width":"","inline_featured_image":false,"footnotes":""},"class_list":["post-996","page","type-page","status-publish","hentry"],"_links":{"self":[{"href":"https:\/\/workheart.nl\/en\/wp-json\/wp\/v2\/pages\/996","targetHints":{"allow":["GET"]}}],"collection":[{"href":"https:\/\/workheart.nl\/en\/wp-json\/wp\/v2\/pages"}],"about":[{"href":"https:\/\/workheart.nl\/en\/wp-json\/wp\/v2\/types\/page"}],"author":[{"embeddable":true,"href":"https:\/\/workheart.nl\/en\/wp-json\/wp\/v2\/users\/2"}],"replies":[{"embeddable":true,"href":"https:\/\/workheart.nl\/en\/wp-json\/wp\/v2\/comments?post=996"}],"version-history":[{"count":14,"href":"https:\/\/workheart.nl\/en\/wp-json\/wp\/v2\/pages\/996\/revisions"}],"predecessor-version":[{"id":1636,"href":"https:\/\/workheart.nl\/en\/wp-json\/wp\/v2\/pages\/996\/revisions\/1636"}],"wp:attachment":[{"href":"https:\/\/workheart.nl\/en\/wp-json\/wp\/v2\/media?parent=996"}],"curies":[{"name":"wp","href":"https:\/\/api.w.org\/{rel}","templated":true}]}}